{"id":5941,"date":"2024-09-25T12:30:13","date_gmt":"2024-09-25T12:30:13","guid":{"rendered":"https:\/\/startandose.com\/dinheiropro\/politica-de-cookies-2\/"},"modified":"2024-09-25T12:30:13","modified_gmt":"2024-09-25T12:30:13","slug":"politica-de-cookies-2","status":"publish","type":"page","link":"https:\/\/startandose.com\/dinheiropro\/politica-de-cookies-2\/","title":{"rendered":"Pol\u00edtica de Cookies"},"content":{"rendered":"<p><body><\/p>\n<p>Em Dinheiro Pro, utilizamos cookies e tecnologias similares para melhorar a experi\u00eancia do usu\u00e1rio, personalizar o conte\u00fado e os an\u00fancios, fornecer funcionalidades de redes sociais e analisar o tr\u00e1fego em nosso site. Abaixo explicamos detalhadamente como usamos essas tecnologias, suas finalidades, e como voc\u00ea pode gerenci\u00e1-las.<\/p>\n<h3>1. O que s\u00e3o Cookies?<\/h3>\n<p>Cookies s\u00e3o pequenos arquivos de texto armazenados no seu dispositivo (computador, tablet, smartphone) quando voc\u00ea visita um site. Eles ajudam o site a reconhecer o seu dispositivo na pr\u00f3xima vez que voc\u00ea o visita, oferecendo uma navega\u00e7\u00e3o mais personalizada.<\/p>\n<h3>2. Tipos de Cookies que Utilizamos<\/h3>\n<ul>\n<li><strong>Cookies Essenciais:<\/strong> S\u00e3o necess\u00e1rios para que o site funcione corretamente. Eles permitem que voc\u00ea navegue pelo site e use suas funcionalidades, como acessar \u00e1reas seguras do site.<\/li>\n<li><strong>Cookies de Desempenho:<\/strong> Coletam informa\u00e7\u00f5es sobre como os visitantes usam o site, por exemplo, quais p\u00e1ginas s\u00e3o visitadas com mais frequ\u00eancia e se os usu\u00e1rios recebem mensagens de erro de p\u00e1ginas da web. Estes cookies n\u00e3o coletam informa\u00e7\u00f5es que identificam um visitante. Todas as informa\u00e7\u00f5es coletadas por esses cookies s\u00e3o agregadas e, portanto, an\u00f4nimas. Eles s\u00e3o usados apenas para melhorar o funcionamento do site.<\/li>\n<li><strong>Cookies de Funcionalidade:<\/strong> Permitem que o site lembre-se das escolhas que voc\u00ea faz (como seu nome de usu\u00e1rio, idioma ou regi\u00e3o em que voc\u00ea est\u00e1) e forne\u00e7a recursos aprimorados e mais pessoais. Por exemplo, um site pode fornecer boletins meteorol\u00f3gicos locais ou not\u00edcias de tr\u00e2nsito, armazenando em um cookie a regi\u00e3o em que voc\u00ea est\u00e1 atualmente. Estes cookies tamb\u00e9m podem ser usados para lembrar as altera\u00e7\u00f5es que voc\u00ea fez no tamanho do texto, fontes e outras partes das p\u00e1ginas da web que voc\u00ea pode personalizar.<\/li>\n<li><strong>Cookies de Publicidade:<\/strong> S\u00e3o usados para entregar an\u00fancios mais relevantes para voc\u00ea e seus interesses. Tamb\u00e9m s\u00e3o usados para limitar o n\u00famero de vezes que voc\u00ea v\u00ea um an\u00fancio, assim como para ajudar a medir a efic\u00e1cia da campanha publicit\u00e1ria. Eles s\u00e3o geralmente colocados por redes de publicidade com a permiss\u00e3o do operador do site. Eles lembram que voc\u00ea visitou um site e essa informa\u00e7\u00e3o \u00e9 compartilhada com outras organiza\u00e7\u00f5es, como anunciantes. Frequentemente, os cookies de segmenta\u00e7\u00e3o ou publicidade ser\u00e3o vinculados \u00e0 funcionalidade do site fornecida por outra organiza\u00e7\u00e3o.<\/li>\n<\/ul>\n<h3>3. Cookies de Terceiros<\/h3>\n<p>Al\u00e9m dos cookies que Dinheiro Pro utiliza diretamente, tamb\u00e9m utilizamos cookies de terceiros para v\u00e1rias finalidades. Por exemplo, utilizamos o Google Analytics para analisar o uso do nosso site e melhorar sua funcionalidade. Para mais informa\u00e7\u00f5es sobre como o Google utiliza cookies, consulte a <a href=\"https:\/\/policies.google.com\/technologies\/cookies\">Pol\u00edtica de Privacidade do Google<\/a>.<\/p>\n<h3>4. Como Gerenciar Cookies<\/h3>\n<p>Voc\u00ea pode gerenciar e\/ou excluir cookies conforme desejar &#8211; para detalhes, veja <a href=\"https:\/\/aboutcookies.org\">aboutcookies.org<\/a>. Voc\u00ea pode apagar todos os cookies que j\u00e1 est\u00e3o no seu computador e configurar a maioria dos navegadores para impedir que eles sejam armazenados. No entanto, se voc\u00ea fizer isso, talvez tenha que ajustar manualmente algumas prefer\u00eancias sempre que visitar um site e alguns servi\u00e7os e funcionalidades podem n\u00e3o funcionar.<\/p>\n<h3>5. Consentimento e Altera\u00e7\u00f5es<\/h3>\n<p>Ao utilizar nosso site, voc\u00ea concorda com o uso de cookies conforme descrito nesta Pol\u00edtica de Cookies. Reservamo-nos o direito de alterar esta Pol\u00edtica de Cookies a qualquer momento. Quaisquer altera\u00e7\u00f5es entrar\u00e3o em vigor imediatamente ap\u00f3s a publica\u00e7\u00e3o no site. Recomendamos que voc\u00ea consulte regularmente esta p\u00e1gina para estar ciente de quaisquer atualiza\u00e7\u00f5es.<\/p>\n<h3>6. Contato<\/h3>\n<p>Se voc\u00ea tiver d\u00favidas ou preocupa\u00e7\u00f5es sobre nossa utiliza\u00e7\u00e3o de cookies e outras tecnologias, entre em contato conosco em contato@startandose.com ou visite nossa <a href=\"https:\/\/startandose.comdinheiropro\/contato\">p\u00e1gina de contato<\/a>.<\/p>\n<h3>7. Propriet\u00e1rio e Controlador de Dados<\/h3>\n<p>O propriet\u00e1rio e controlador dos dados \u00e9 Dinheiro Pro.<\/p>\n<h3>8. Modo e local de processamento dos Dados<\/h3>\n<p><strong>M\u00e9todo de processamento:<\/strong> O Propriet\u00e1rio tomar\u00e1 as medidas de seguran\u00e7a adequadas para impedir o acesso n\u00e3o autorizado, divulga\u00e7\u00e3o, altera\u00e7\u00e3o ou destrui\u00e7\u00e3o n\u00e3o autorizada dos Dados. O processamento dos Dados \u00e9 realizado utilizando computadores e\/ou ferramentas de TI habilitadas, seguindo procedimentos organizacionais e meios estritamente relacionados com os fins indicados.<\/p>\n<p><strong>Lugar:<\/strong> Os dados s\u00e3o processados \u200b\u200bnas sedes de opera\u00e7\u00e3o do Propriet\u00e1rio, e em quaisquer outros lugares onde as partes envolvidas com o processamento estiverem localizadas. Dependendo da localiza\u00e7\u00e3o do Usu\u00e1rio, as transfer\u00eancias de dados poder\u00e3o envolver a transfer\u00eancia dos Dados do Usu\u00e1rio para outro pa\u00eds que n\u00e3o seja o seu.<\/p>\n<h3>9. Per\u00edodo de conserva\u00e7\u00e3o<\/h3>\n<p>Os Dados Pessoais ser\u00e3o tratados e armazenados pelo tempo necess\u00e1rio para as finalidades para as quais foram coletados. Poder\u00e3o ser retidos por mais tempo em raz\u00e3o de qualquer obriga\u00e7\u00e3o legal aplic\u00e1vel ou com base no consentimento dos Usu\u00e1rios. Assim que o prazo de conserva\u00e7\u00e3o vencer, os Dados Pessoais ser\u00e3o apagados.<\/p>\n<h3>10. Direitos dos Usu\u00e1rios<\/h3>\n<p>Os Usu\u00e1rios possuem direitos a fazer o seguinte, dentro dos limites permitidos por lei:<\/p>\n<ul>\n<li>Retirar a sua anu\u00eancia a qualquer momento.<\/li>\n<li>Objetar o processamento dos seus Dados.<\/li>\n<li>Acessar os seus Dados.<\/li>\n<li>Verificar e pedir retifica\u00e7\u00e3o.<\/li>\n<li>Restringir o processamento dos seus Dados.<\/li>\n<li>Ter os seus Dados Pessoais apagados ou retirados de outra maneira.<\/li>\n<li>Receber os seus Dados e ter os mesmos transferidos para outro controlador.<\/li>\n<li>Registrar uma reclama\u00e7\u00e3o.<\/li>\n<\/ul>\n<p>Para exercer esses direitos, entre em contato conosco atrav\u00e9s dos dados fornecidos nesta pol\u00edtica.<\/p>\n<p>\u00daltima atualiza\u00e7\u00e3o: Junho 2024<\/p>\n<p><\/body><\/p>\n","protected":false},"excerpt":{"rendered":"<p>Em Dinheiro Pro, utilizamos cookies e tecnologias similares para melhorar a experi\u00eancia do usu\u00e1rio, personalizar o conte\u00fado e os an\u00fancios, fornecer funcionalidades de redes sociais e analisar o tr\u00e1fego em nosso site. Abaixo explicamos detalhadamente como usamos essas tecnologias, suas finalidades, e como voc\u00ea pode gerenci\u00e1-las. 1. O que s\u00e3o Cookies? Cookies s\u00e3o pequenos arquivos&#8230;<\/p>\n","protected":false},"author":2,"featured_media":0,"parent":0,"menu_order":0,"comment_status":"closed","ping_status":"closed","template":"","meta":{"_kad_post_transparent":"","_kad_post_title":"","_kad_post_layout":"","_kad_post_sidebar_id":"","_kad_post_content_style":"","_kad_post_vertical_padding":"","_kad_post_feature":"","_kad_post_feature_position":"","_kad_post_header":false,"_kad_post_footer":false,"footnotes":""},"class_list":["post-5941","page","type-page","status-publish","hentry"],"_links":{"self":[{"href":"https:\/\/startandose.com\/dinheiropro\/wp-json\/wp\/v2\/pages\/5941","targetHints":{"allow":["GET"]}}],"collection":[{"href":"https:\/\/startandose.com\/dinheiropro\/wp-json\/wp\/v2\/pages"}],"about":[{"href":"https:\/\/startandose.com\/dinheiropro\/wp-json\/wp\/v2\/types\/page"}],"author":[{"embeddable":true,"href":"https:\/\/startandose.com\/dinheiropro\/wp-json\/wp\/v2\/users\/2"}],"replies":[{"embeddable":true,"href":"https:\/\/startandose.com\/dinheiropro\/wp-json\/wp\/v2\/comments?post=5941"}],"version-history":[{"count":0,"href":"https:\/\/startandose.com\/dinheiropro\/wp-json\/wp\/v2\/pages\/5941\/revisions"}],"wp:attachment":[{"href":"https:\/\/startandose.com\/dinheiropro\/wp-json\/wp\/v2\/media?parent=5941"}],"curies":[{"name":"wp","href":"https:\/\/api.w.org\/{rel}","templated":true}]}}