{"id":5944,"date":"2024-09-25T12:30:35","date_gmt":"2024-09-25T12:30:35","guid":{"rendered":"https:\/\/startandose.com\/dinheiropro\/sobre-nos-2\/"},"modified":"2024-09-25T12:30:35","modified_gmt":"2024-09-25T12:30:35","slug":"sobre-nos-2","status":"publish","type":"page","link":"https:\/\/startandose.com\/dinheiropro\/sobre-nos-2\/","title":{"rendered":"Sobre N\u00f3s"},"content":{"rendered":"<h2 id=\"bemvindoaodinheiropro\">Bem-vindo ao Dinheiro Pro<\/h2>\n<p>Dinheiro Pro \u00e9 o seu portal definitivo para navegar pelo complexo mundo das finan\u00e7as e dos neg\u00f3cios. Com um foco especial em ajudar nossos leitores a compreender melhor o ambiente econ\u00f4mico e as oportunidades de investimento, nosso conte\u00fado \u00e9 meticulosamente elaborado para oferecer insights valiosos sobre as tend\u00eancias do mercado e as \u00faltimas not\u00edcias.<\/p>\n<h2 id=\"nossamisso\">Nossa Miss\u00e3o<\/h2>\n<p>Nosso objetivo \u00e9 ser sua fonte confi\u00e1vel de informa\u00e7\u00f5es, n\u00e3o importa seu n\u00edvel de experi\u00eancia. Seja voc\u00ea um investidor experiente buscando aprimorar suas estrat\u00e9gias ou um novato desejando aprender os fundamentos das finan\u00e7as pessoais, estamos aqui para ajud\u00e1-lo.<\/p>\n<h2 id=\"oqueoferecemos\">O Que Oferecemos<\/h2>\n<ul>\n<li><strong>An\u00e1lises de Mercado<\/strong>: Mantenha-se atualizado com as \u00faltimas tend\u00eancias e desenvolvimentos no mercado financeiro.<\/li>\n<li><strong>Dicas de Investimento<\/strong>: Encontre conselhos pr\u00e1ticos para maximizar seus retornos e minimizar riscos.<\/li>\n<li><strong>Estrat\u00e9gias de Crescimento Empresarial<\/strong>: Descubra m\u00e9todos eficazes para expandir e gerenciar seu neg\u00f3cio.<\/li>\n<li><strong>Atualiza\u00e7\u00f5es Econ\u00f4micas Globais<\/strong>: Entenda como as mudan\u00e7as econ\u00f4micas ao redor do mundo podem impactar seus investimentos e decis\u00f5es de neg\u00f3cios.<\/li>\n<\/ul>\n<h2 id=\"nossafundadora\">Nossa Fundadora<\/h2>\n<p>Ol\u00e1, sou Adriele Santana, a mente por tr\u00e1s do Dinheiro Pro. Meu compromisso \u00e9 fornecer a voc\u00ea as ferramentas e conhecimentos necess\u00e1rios para estar sempre um passo \u00e0 frente na tomada de decis\u00f5es financeiras inteligentes e seguras.<\/p>\n<h2 id=\"contato\">Contato<\/h2>\n<p>Para mais informa\u00e7\u00f5es, n\u00e3o hesite em nos contatar pela nossa <a href=\"https:\/\/startandose.com\/dinheiropro\/contacto\">p\u00e1gina de contato<\/a>. Estamos aqui para ajudar!<\/p>\n","protected":false},"excerpt":{"rendered":"<p>Bem-vindo ao Dinheiro Pro Dinheiro Pro \u00e9 o seu portal definitivo para navegar pelo complexo mundo das finan\u00e7as e dos neg\u00f3cios. Com um foco especial em ajudar nossos leitores a compreender melhor o ambiente econ\u00f4mico e as oportunidades de investimento, nosso conte\u00fado \u00e9 meticulosamente elaborado para oferecer insights valiosos sobre as tend\u00eancias do mercado e&#8230;<\/p>\n","protected":false},"author":2,"featured_media":0,"parent":0,"menu_order":0,"comment_status":"closed","ping_status":"closed","template":"","meta":{"_kad_post_transparent":"","_kad_post_title":"","_kad_post_layout":"","_kad_post_sidebar_id":"","_kad_post_content_style":"","_kad_post_vertical_padding":"","_kad_post_feature":"","_kad_post_feature_position":"","_kad_post_header":false,"_kad_post_footer":false,"footnotes":""},"class_list":["post-5944","page","type-page","status-publish","hentry"],"_links":{"self":[{"href":"https:\/\/startandose.com\/dinheiropro\/wp-json\/wp\/v2\/pages\/5944","targetHints":{"allow":["GET"]}}],"collection":[{"href":"https:\/\/startandose.com\/dinheiropro\/wp-json\/wp\/v2\/pages"}],"about":[{"href":"https:\/\/startandose.com\/dinheiropro\/wp-json\/wp\/v2\/types\/page"}],"author":[{"embeddable":true,"href":"https:\/\/startandose.com\/dinheiropro\/wp-json\/wp\/v2\/users\/2"}],"replies":[{"embeddable":true,"href":"https:\/\/startandose.com\/dinheiropro\/wp-json\/wp\/v2\/comments?post=5944"}],"version-history":[{"count":0,"href":"https:\/\/startandose.com\/dinheiropro\/wp-json\/wp\/v2\/pages\/5944\/revisions"}],"wp:attachment":[{"href":"https:\/\/startandose.com\/dinheiropro\/wp-json\/wp\/v2\/media?parent=5944"}],"curies":[{"name":"wp","href":"https:\/\/api.w.org\/{rel}","templated":true}]}}